{"id":33,"date":"2018-05-23T18:59:51","date_gmt":"2018-05-23T17:59:51","guid":{"rendered":"https:\/\/www.buechereiweilbach.de\/?page_id=33"},"modified":"2018-05-23T18:59:51","modified_gmt":"2018-05-23T17:59:51","slug":"unsere-buecherei","status":"publish","type":"page","link":"https:\/\/www.buechereiweilbach.de\/?page_id=33","title":{"rendered":"Unsere B\u00fccherei"},"content":{"rendered":"<h2>Machen sie sich ein Bild von unsere B\u00fccherei<br \/>&#8222;Herzlich  Willkommen&#8220;<\/h2>\n<figure>\n\t\t\t\t\t\t\t\t\t\t<img decoding=\"async\" width=\"750\" height=\"500\" src=\"https:\/\/www.buechereiweilbach.de\/wp-content\/uploads\/2021\/02\/DSC03112-1024x682.jpg\" alt=\"\" loading=\"lazy\" srcset=\"https:\/\/www.buechereiweilbach.de\/wp-content\/uploads\/2021\/02\/DSC03112-1024x682.jpg 1024w, https:\/\/www.buechereiweilbach.de\/wp-content\/uploads\/2021\/02\/DSC03112-300x200.jpg 300w, https:\/\/www.buechereiweilbach.de\/wp-content\/uploads\/2021\/02\/DSC03112-768x512.jpg 768w, https:\/\/www.buechereiweilbach.de\/wp-content\/uploads\/2021\/02\/DSC03112-1536x1023.jpg 1536w, https:\/\/www.buechereiweilbach.de\/wp-content\/uploads\/2021\/02\/DSC03112-2048x1365.jpg 2048w, https:\/\/www.buechereiweilbach.de\/wp-content\/uploads\/2021\/02\/DSC03112-360x240.jpg 360w\" sizes=\"auto, (max-width: 750px) 100vw, 750px\" \/><figcaption>Eingang neben der Kirche<\/figcaption><\/figure>\n<figure>\n\t\t\t\t\t\t\t\t\t\t<img decoding=\"async\" width=\"750\" height=\"500\" src=\"https:\/\/www.buechereiweilbach.de\/wp-content\/uploads\/2020\/06\/B\u00fccherei-Neu-3-Kopie-1024x683.jpg\" alt=\"\" loading=\"lazy\" srcset=\"https:\/\/www.buechereiweilbach.de\/wp-content\/uploads\/2020\/06\/B\u00fccherei-Neu-3-Kopie-1024x683.jpg 1024w, https:\/\/www.buechereiweilbach.de\/wp-content\/uploads\/2020\/06\/B\u00fccherei-Neu-3-Kopie-300x200.jpg 300w, https:\/\/www.buechereiweilbach.de\/wp-content\/uploads\/2020\/06\/B\u00fccherei-Neu-3-Kopie-768x512.jpg 768w, https:\/\/www.buechereiweilbach.de\/wp-content\/uploads\/2020\/06\/B\u00fccherei-Neu-3-Kopie-1536x1024.jpg 1536w, https:\/\/www.buechereiweilbach.de\/wp-content\/uploads\/2020\/06\/B\u00fccherei-Neu-3-Kopie-2048x1365.jpg 2048w, https:\/\/www.buechereiweilbach.de\/wp-content\/uploads\/2020\/06\/B\u00fccherei-Neu-3-Kopie-360x240.jpg 360w\" sizes=\"auto, (max-width: 750px) 100vw, 750px\" \/><figcaption>Empfang und Medien\u00fcbergabe<\/figcaption><\/figure>\n<figure>\n\t\t\t\t\t\t\t\t\t\t<img decoding=\"async\" width=\"750\" height=\"500\" src=\"https:\/\/www.buechereiweilbach.de\/wp-content\/uploads\/2021\/02\/DSC04064-1024x682.jpg\" alt=\"\" loading=\"lazy\" srcset=\"https:\/\/www.buechereiweilbach.de\/wp-content\/uploads\/2021\/02\/DSC04064-1024x682.jpg 1024w, https:\/\/www.buechereiweilbach.de\/wp-content\/uploads\/2021\/02\/DSC04064-300x200.jpg 300w, https:\/\/www.buechereiweilbach.de\/wp-content\/uploads\/2021\/02\/DSC04064-768x512.jpg 768w, https:\/\/www.buechereiweilbach.de\/wp-content\/uploads\/2021\/02\/DSC04064-1536x1023.jpg 1536w, https:\/\/www.buechereiweilbach.de\/wp-content\/uploads\/2021\/02\/DSC04064-2048x1365.jpg 2048w, https:\/\/www.buechereiweilbach.de\/wp-content\/uploads\/2021\/02\/DSC04064-360x240.jpg 360w\" sizes=\"auto, (max-width: 750px) 100vw, 750px\" \/><figcaption>Unser aktuellen Neuheiten des Monats<\/figcaption><\/figure>\n<figure>\n\t\t\t\t\t\t\t\t\t\t<img decoding=\"async\" width=\"750\" height=\"500\" src=\"https:\/\/www.buechereiweilbach.de\/wp-content\/uploads\/2021\/02\/DSC04053-1024x682.jpg\" alt=\"\" loading=\"lazy\" srcset=\"https:\/\/www.buechereiweilbach.de\/wp-content\/uploads\/2021\/02\/DSC04053-1024x682.jpg 1024w, https:\/\/www.buechereiweilbach.de\/wp-content\/uploads\/2021\/02\/DSC04053-300x200.jpg 300w, https:\/\/www.buechereiweilbach.de\/wp-content\/uploads\/2021\/02\/DSC04053-768x512.jpg 768w, https:\/\/www.buechereiweilbach.de\/wp-content\/uploads\/2021\/02\/DSC04053-1536x1023.jpg 1536w, https:\/\/www.buechereiweilbach.de\/wp-content\/uploads\/2021\/02\/DSC04053-2048x1365.jpg 2048w, https:\/\/www.buechereiweilbach.de\/wp-content\/uploads\/2021\/02\/DSC04053-360x240.jpg 360w\" sizes=\"auto, (max-width: 750px) 100vw, 750px\" \/><figcaption>Ritterburg mit B\u00fccher f\u00fcr Kleinkinder <\/figcaption><\/figure>\n<p>\t\t\t\t\t\t\t\t\t\t\t<a href=\"https:\/\/www.buechereiweilbach.de\/wp-content\/uploads\/2021\/02\/DSC04061-scaled.jpg\" data-elementor-open-lightbox=\"yes\" data-elementor-lightbox-title=\"DSC04061\"><br \/>\n\t\t\t\t\t\t\t<img decoding=\"async\" width=\"750\" height=\"563\" src=\"https:\/\/www.buechereiweilbach.de\/wp-content\/uploads\/2021\/02\/DSC04061-1024x769.jpg\" alt=\"\" loading=\"lazy\" srcset=\"https:\/\/www.buechereiweilbach.de\/wp-content\/uploads\/2021\/02\/DSC04061-1024x769.jpg 1024w, https:\/\/www.buechereiweilbach.de\/wp-content\/uploads\/2021\/02\/DSC04061-300x225.jpg 300w, https:\/\/www.buechereiweilbach.de\/wp-content\/uploads\/2021\/02\/DSC04061-768x577.jpg 768w, https:\/\/www.buechereiweilbach.de\/wp-content\/uploads\/2021\/02\/DSC04061-1536x1154.jpg 1536w, https:\/\/www.buechereiweilbach.de\/wp-content\/uploads\/2021\/02\/DSC04061-2048x1539.jpg 2048w\" sizes=\"auto, (max-width: 750px) 100vw, 750px\" \/>\t\t\t\t\t\t\t\t<\/a><\/p>\n<p style=\"text-align: center;\"><strong>B\u00fcchertr\u00f6ge f\u00fcr die kleinsten Leser<\/strong><\/p>\n<figure>\n\t\t\t\t\t\t\t\t\t\t<img decoding=\"async\" width=\"750\" height=\"500\" src=\"https:\/\/www.buechereiweilbach.de\/wp-content\/uploads\/2021\/02\/DSC04058-1024x682.jpg\" alt=\"\" loading=\"lazy\" srcset=\"https:\/\/www.buechereiweilbach.de\/wp-content\/uploads\/2021\/02\/DSC04058-1024x682.jpg 1024w, https:\/\/www.buechereiweilbach.de\/wp-content\/uploads\/2021\/02\/DSC04058-300x200.jpg 300w, https:\/\/www.buechereiweilbach.de\/wp-content\/uploads\/2021\/02\/DSC04058-768x512.jpg 768w, https:\/\/www.buechereiweilbach.de\/wp-content\/uploads\/2021\/02\/DSC04058-1536x1024.jpg 1536w, https:\/\/www.buechereiweilbach.de\/wp-content\/uploads\/2021\/02\/DSC04058-2048x1365.jpg 2048w, https:\/\/www.buechereiweilbach.de\/wp-content\/uploads\/2021\/02\/DSC04058-360x240.jpg 360w\" sizes=\"auto, (max-width: 750px) 100vw, 750px\" \/><figcaption>Pr\u00e4sentation der neuen Bilderb\u00fccher<\/figcaption><\/figure>\n<figure>\n\t\t\t\t\t\t\t\t\t\t<img decoding=\"async\" width=\"750\" height=\"500\" src=\"https:\/\/www.buechereiweilbach.de\/wp-content\/uploads\/2021\/02\/DSC04056-1024x682.jpg\" alt=\"\" loading=\"lazy\" srcset=\"https:\/\/www.buechereiweilbach.de\/wp-content\/uploads\/2021\/02\/DSC04056-1024x682.jpg 1024w, https:\/\/www.buechereiweilbach.de\/wp-content\/uploads\/2021\/02\/DSC04056-300x200.jpg 300w, https:\/\/www.buechereiweilbach.de\/wp-content\/uploads\/2021\/02\/DSC04056-768x512.jpg 768w, https:\/\/www.buechereiweilbach.de\/wp-content\/uploads\/2021\/02\/DSC04056-1536x1024.jpg 1536w, https:\/\/www.buechereiweilbach.de\/wp-content\/uploads\/2021\/02\/DSC04056-2048x1365.jpg 2048w, https:\/\/www.buechereiweilbach.de\/wp-content\/uploads\/2021\/02\/DSC04056-360x240.jpg 360w\" sizes=\"auto, (max-width: 750px) 100vw, 750px\" \/><figcaption>Hier gibt&#8217;s Bilderb\u00fccher satt<\/figcaption><\/figure>\n<figure>\n\t\t\t\t\t\t\t\t\t\t<img decoding=\"async\" width=\"750\" height=\"249\" src=\"https:\/\/www.buechereiweilbach.de\/wp-content\/uploads\/2021\/02\/DSC04047_AB-1024x340.jpg\" alt=\"\" loading=\"lazy\" srcset=\"https:\/\/www.buechereiweilbach.de\/wp-content\/uploads\/2021\/02\/DSC04047_AB-1024x340.jpg 1024w, https:\/\/www.buechereiweilbach.de\/wp-content\/uploads\/2021\/02\/DSC04047_AB-300x100.jpg 300w, https:\/\/www.buechereiweilbach.de\/wp-content\/uploads\/2021\/02\/DSC04047_AB-768x255.jpg 768w, https:\/\/www.buechereiweilbach.de\/wp-content\/uploads\/2021\/02\/DSC04047_AB-1536x510.jpg 1536w, https:\/\/www.buechereiweilbach.de\/wp-content\/uploads\/2021\/02\/DSC04047_AB-2048x680.jpg 2048w\" sizes=\"auto, (max-width: 750px) 100vw, 750px\" \/><figcaption>Erwachsenenliteratur und H\u00f6rb\u00fccher<\/figcaption><\/figure>\n<figure>\n\t\t\t\t\t\t\t\t\t\t<img decoding=\"async\" width=\"750\" height=\"500\" src=\"https:\/\/www.buechereiweilbach.de\/wp-content\/uploads\/2021\/02\/DSC04042-1024x682.jpg\" alt=\"\" loading=\"lazy\" srcset=\"https:\/\/www.buechereiweilbach.de\/wp-content\/uploads\/2021\/02\/DSC04042-1024x682.jpg 1024w, https:\/\/www.buechereiweilbach.de\/wp-content\/uploads\/2021\/02\/DSC04042-300x200.jpg 300w, https:\/\/www.buechereiweilbach.de\/wp-content\/uploads\/2021\/02\/DSC04042-768x512.jpg 768w, https:\/\/www.buechereiweilbach.de\/wp-content\/uploads\/2021\/02\/DSC04042-1536x1024.jpg 1536w, https:\/\/www.buechereiweilbach.de\/wp-content\/uploads\/2021\/02\/DSC04042-2048x1365.jpg 2048w, https:\/\/www.buechereiweilbach.de\/wp-content\/uploads\/2021\/02\/DSC04042-360x240.jpg 360w\" sizes=\"auto, (max-width: 750px) 100vw, 750px\" \/><figcaption>Hier k\u00f6nnen sie nach Buchtiteln recherchieren<\/figcaption><\/figure>\n<figure>\n\t\t\t\t\t\t\t\t\t\t<img decoding=\"async\" width=\"750\" height=\"500\" src=\"https:\/\/www.buechereiweilbach.de\/wp-content\/uploads\/2021\/02\/DSC04043-1024x682.jpg\" alt=\"\" loading=\"lazy\" srcset=\"https:\/\/www.buechereiweilbach.de\/wp-content\/uploads\/2021\/02\/DSC04043-1024x682.jpg 1024w, https:\/\/www.buechereiweilbach.de\/wp-content\/uploads\/2021\/02\/DSC04043-300x200.jpg 300w, https:\/\/www.buechereiweilbach.de\/wp-content\/uploads\/2021\/02\/DSC04043-768x511.jpg 768w, https:\/\/www.buechereiweilbach.de\/wp-content\/uploads\/2021\/02\/DSC04043-1536x1023.jpg 1536w, https:\/\/www.buechereiweilbach.de\/wp-content\/uploads\/2021\/02\/DSC04043-2048x1364.jpg 2048w, https:\/\/www.buechereiweilbach.de\/wp-content\/uploads\/2021\/02\/DSC04043-360x240.jpg 360w\" sizes=\"auto, (max-width: 750px) 100vw, 750px\" \/><figcaption>Sch\u00f6ne Literatur f\u00fcr Erwachsene<\/figcaption><\/figure>\n<figure>\n\t\t\t\t\t\t\t\t\t\t<img decoding=\"async\" width=\"750\" height=\"500\" src=\"https:\/\/www.buechereiweilbach.de\/wp-content\/uploads\/2021\/02\/DSC04050-1024x683.jpg\" alt=\"\" loading=\"lazy\" srcset=\"https:\/\/www.buechereiweilbach.de\/wp-content\/uploads\/2021\/02\/DSC04050-1024x683.jpg 1024w, https:\/\/www.buechereiweilbach.de\/wp-content\/uploads\/2021\/02\/DSC04050-300x200.jpg 300w, https:\/\/www.buechereiweilbach.de\/wp-content\/uploads\/2021\/02\/DSC04050-768x512.jpg 768w, https:\/\/www.buechereiweilbach.de\/wp-content\/uploads\/2021\/02\/DSC04050-1536x1024.jpg 1536w, https:\/\/www.buechereiweilbach.de\/wp-content\/uploads\/2021\/02\/DSC04050-2048x1365.jpg 2048w, https:\/\/www.buechereiweilbach.de\/wp-content\/uploads\/2021\/02\/DSC04050-360x240.jpg 360w\" sizes=\"auto, (max-width: 750px) 100vw, 750px\" \/><figcaption>F\u00fcr Jugendliche ab 12Jahren und junge Erwachsene<\/figcaption><\/figure>\n<figure>\n\t\t\t\t\t\t\t\t\t\t<img decoding=\"async\" width=\"750\" height=\"500\" src=\"https:\/\/www.buechereiweilbach.de\/wp-content\/uploads\/2021\/02\/DSC04055-1024x682.jpg\" alt=\"\" loading=\"lazy\" srcset=\"https:\/\/www.buechereiweilbach.de\/wp-content\/uploads\/2021\/02\/DSC04055-1024x682.jpg 1024w, https:\/\/www.buechereiweilbach.de\/wp-content\/uploads\/2021\/02\/DSC04055-300x200.jpg 300w, https:\/\/www.buechereiweilbach.de\/wp-content\/uploads\/2021\/02\/DSC04055-768x512.jpg 768w, https:\/\/www.buechereiweilbach.de\/wp-content\/uploads\/2021\/02\/DSC04055-1536x1023.jpg 1536w, https:\/\/www.buechereiweilbach.de\/wp-content\/uploads\/2021\/02\/DSC04055-2048x1364.jpg 2048w, https:\/\/www.buechereiweilbach.de\/wp-content\/uploads\/2021\/02\/DSC04055-360x240.jpg 360w\" sizes=\"auto, (max-width: 750px) 100vw, 750px\" \/><figcaption>Erstes Lesen   f\u00fcr Kinder ab 5-7 Jahren<\/figcaption><\/figure>\n<figure>\n\t\t\t\t\t\t\t\t\t\t<img decoding=\"async\" width=\"750\" height=\"500\" src=\"https:\/\/www.buechereiweilbach.de\/wp-content\/uploads\/2021\/02\/DSC04051-1024x682.jpg\" alt=\"\" loading=\"lazy\" srcset=\"https:\/\/www.buechereiweilbach.de\/wp-content\/uploads\/2021\/02\/DSC04051-1024x682.jpg 1024w, https:\/\/www.buechereiweilbach.de\/wp-content\/uploads\/2021\/02\/DSC04051-300x200.jpg 300w, https:\/\/www.buechereiweilbach.de\/wp-content\/uploads\/2021\/02\/DSC04051-768x512.jpg 768w, https:\/\/www.buechereiweilbach.de\/wp-content\/uploads\/2021\/02\/DSC04051-1536x1023.jpg 1536w, https:\/\/www.buechereiweilbach.de\/wp-content\/uploads\/2021\/02\/DSC04051-2048x1364.jpg 2048w, https:\/\/www.buechereiweilbach.de\/wp-content\/uploads\/2021\/02\/DSC04051-360x240.jpg 360w\" sizes=\"auto, (max-width: 750px) 100vw, 750px\" \/><figcaption>KInderb\u00fccher f\u00fcr Grundch\u00fcler  8-10 Jahren<\/figcaption><\/figure>\n<figure>\n\t\t\t\t\t\t\t\t\t\t<img decoding=\"async\" width=\"750\" height=\"500\" src=\"https:\/\/www.buechereiweilbach.de\/wp-content\/uploads\/2021\/02\/DSC04054-1024x682.jpg\" alt=\"\" loading=\"lazy\" srcset=\"https:\/\/www.buechereiweilbach.de\/wp-content\/uploads\/2021\/02\/DSC04054-1024x682.jpg 1024w, https:\/\/www.buechereiweilbach.de\/wp-content\/uploads\/2021\/02\/DSC04054-300x200.jpg 300w, https:\/\/www.buechereiweilbach.de\/wp-content\/uploads\/2021\/02\/DSC04054-768x512.jpg 768w, https:\/\/www.buechereiweilbach.de\/wp-content\/uploads\/2021\/02\/DSC04054-1536x1023.jpg 1536w, https:\/\/www.buechereiweilbach.de\/wp-content\/uploads\/2021\/02\/DSC04054-2048x1365.jpg 2048w, https:\/\/www.buechereiweilbach.de\/wp-content\/uploads\/2021\/02\/DSC04054-360x240.jpg 360w\" sizes=\"auto, (max-width: 750px) 100vw, 750px\" \/><figcaption>Nach Themen geordnete Kindersachb\u00fccher<\/figcaption><\/figure>\n<figure>\n\t\t\t\t\t\t\t\t\t\t<img decoding=\"async\" width=\"750\" height=\"500\" src=\"https:\/\/www.buechereiweilbach.de\/wp-content\/uploads\/2021\/02\/DSC04052-1024x682.jpg\" alt=\"\" loading=\"lazy\" srcset=\"https:\/\/www.buechereiweilbach.de\/wp-content\/uploads\/2021\/02\/DSC04052-1024x682.jpg 1024w, https:\/\/www.buechereiweilbach.de\/wp-content\/uploads\/2021\/02\/DSC04052-300x200.jpg 300w, https:\/\/www.buechereiweilbach.de\/wp-content\/uploads\/2021\/02\/DSC04052-768x511.jpg 768w, https:\/\/www.buechereiweilbach.de\/wp-content\/uploads\/2021\/02\/DSC04052-1536x1023.jpg 1536w, https:\/\/www.buechereiweilbach.de\/wp-content\/uploads\/2021\/02\/DSC04052-2048x1364.jpg 2048w, https:\/\/www.buechereiweilbach.de\/wp-content\/uploads\/2021\/02\/DSC04052-360x240.jpg 360w\" sizes=\"auto, (max-width: 750px) 100vw, 750px\" \/><figcaption>Pr\u00e4sentation der KInderb\u00fccher f\u00fcr 6-12 j\u00e4hrige<\/figcaption><\/figure>\n","protected":false},"excerpt":{"rendered":"<p>Machen sie sich ein Bild von unsere B\u00fccherei&#8222;Herzlich Willkommen&#8220; Eingang neben der Kirche Empfang und Medien\u00fcbergabe Unser aktuellen Neuheiten des Monats Ritterburg mit B\u00fccher f\u00fcr Kleinkinder B\u00fcchertr\u00f6ge f\u00fcr die kleinsten Leser Pr\u00e4sentation der neuen Bilderb\u00fccher Hier gibt&#8217;s Bilderb\u00fccher satt Erwachsenenliteratur und H\u00f6rb\u00fccher Hier k\u00f6nnen sie nach Buchtiteln recherchieren Sch\u00f6ne Literatur [&hellip;]<\/p>\n","protected":false},"author":1,"featured_media":0,"parent":0,"menu_order":0,"comment_status":"closed","ping_status":"closed","template":"","meta":{"footnotes":""},"class_list":["post-33","page","type-page","status-publish","hentry"],"_links":{"self":[{"href":"https:\/\/www.buechereiweilbach.de\/index.php?rest_route=\/wp\/v2\/pages\/33","targetHints":{"allow":["GET"]}}],"collection":[{"href":"https:\/\/www.buechereiweilbach.de\/index.php?rest_route=\/wp\/v2\/pages"}],"about":[{"href":"https:\/\/www.buechereiweilbach.de\/index.php?rest_route=\/wp\/v2\/types\/page"}],"author":[{"embeddable":true,"href":"https:\/\/www.buechereiweilbach.de\/index.php?rest_route=\/wp\/v2\/users\/1"}],"replies":[{"embeddable":true,"href":"https:\/\/www.buechereiweilbach.de\/index.php?rest_route=%2Fwp%2Fv2%2Fcomments&post=33"}],"version-history":[{"count":0,"href":"https:\/\/www.buechereiweilbach.de\/index.php?rest_route=\/wp\/v2\/pages\/33\/revisions"}],"wp:attachment":[{"href":"https:\/\/www.buechereiweilbach.de\/index.php?rest_route=%2Fwp%2Fv2%2Fmedia&parent=33"}],"curies":[{"name":"wp","href":"https:\/\/api.w.org\/{rel}","templated":true}]}}